{"id":12016,"date":"2023-12-27T11:35:28","date_gmt":"2023-12-27T10:35:28","guid":{"rendered":"https:\/\/www.wiaralecha.pl\/?page_id=12016"},"modified":"2024-09-20T14:14:36","modified_gmt":"2024-09-20T12:14:36","slug":"wspieraja-rezerwy-sekcji-pilki-noznej","status":"publish","type":"page","link":"https:\/\/www.wiaralecha.pl\/index.php\/wspieraja-rezerwy-sekcji-pilki-noznej\/","title":{"rendered":"Wspieraj\u0105 rezerwy sekcji pi\u0142ki no\u017cnej"},"content":{"rendered":"<div class=\"wp-block-image\">\n<figure class=\"aligncenter size-large is-resized\"><img loading=\"lazy\" decoding=\"async\" width=\"1024\" height=\"1024\" src=\"https:\/\/www.wiaralecha.pl\/wp-content\/uploads\/2023\/01\/SPN-1024x1024.png\" alt=\"\" class=\"wp-image-9231\" style=\"width:256px;height:256px\" srcset=\"https:\/\/www.wiaralecha.pl\/wp-content\/uploads\/2023\/01\/SPN-1024x1024.png 1024w, https:\/\/www.wiaralecha.pl\/wp-content\/uploads\/2023\/01\/SPN-300x300.png 300w, https:\/\/www.wiaralecha.pl\/wp-content\/uploads\/2023\/01\/SPN-150x150.png 150w, https:\/\/www.wiaralecha.pl\/wp-content\/uploads\/2023\/01\/SPN-768x768.png 768w, https:\/\/www.wiaralecha.pl\/wp-content\/uploads\/2023\/01\/SPN-1536x1536.png 1536w, https:\/\/www.wiaralecha.pl\/wp-content\/uploads\/2023\/01\/SPN-128x128.png 128w, https:\/\/www.wiaralecha.pl\/wp-content\/uploads\/2023\/01\/SPN-32x32.png 32w, https:\/\/www.wiaralecha.pl\/wp-content\/uploads\/2023\/01\/SPN-400x400.png 400w, https:\/\/www.wiaralecha.pl\/wp-content\/uploads\/2023\/01\/SPN-80x80.png 80w, https:\/\/www.wiaralecha.pl\/wp-content\/uploads\/2023\/01\/SPN-356x356.png 356w, https:\/\/www.wiaralecha.pl\/wp-content\/uploads\/2023\/01\/SPN-470x470.png 470w, https:\/\/www.wiaralecha.pl\/wp-content\/uploads\/2023\/01\/SPN-70x70.png 70w, https:\/\/www.wiaralecha.pl\/wp-content\/uploads\/2023\/01\/SPN-100x100.png 100w, https:\/\/www.wiaralecha.pl\/wp-content\/uploads\/2023\/01\/SPN-40x40.png 40w, https:\/\/www.wiaralecha.pl\/wp-content\/uploads\/2023\/01\/SPN.png 2000w\" sizes=\"auto, (max-width: 1024px) 100vw, 1024px\" \/><\/figure>\n<\/div>\n\n\n<h1 class=\"wp-block-heading has-text-align-center has-black-color has-text-color has-background has-medium-font-size\" style=\"background:linear-gradient(90deg,rgb(230,230,230) 0%,rgb(169,184,195) 100%);text-transform:uppercase\"><strong>SPONSOR STRATEGICZNY<\/strong><\/h1>\n\n\n\n<h1 class=\"wp-block-heading has-text-align-center has-black-color has-text-color has-background has-medium-font-size\" style=\"background:linear-gradient(90deg,rgb(230,230,230) 0%,rgb(169,184,195) 100%);text-transform:uppercase\"><strong>SPONSOR G\u0141\u00d3WNY<\/strong><\/h1>\n\n\n\n<div class=\"wp-block-columns is-layout-flex wp-container-core-columns-is-layout-9d6595d7 wp-block-columns-is-layout-flex\">\n<div class=\"wp-block-column is-layout-flow wp-block-column-is-layout-flow\"><\/div>\n<\/div>\n\n\n\n<div class=\"wp-block-columns is-layout-flex wp-container-core-columns-is-layout-9d6595d7 wp-block-columns-is-layout-flex\">\n<div class=\"wp-block-column is-layout-flow wp-block-column-is-layout-flow\">\n<h1 class=\"wp-block-heading has-text-align-center has-black-color has-text-color has-background\" style=\"background:linear-gradient(90deg,rgb(238,238,238) 0%,rgb(169,184,195) 100%);font-size:17px;text-transform:uppercase\"><strong>PARTNER TECHNICZNY<\/strong><\/h1>\n\n\n<div class=\"wp-block-image\">\n<figure class=\"aligncenter is-resized\"><a href=\"http:\/\/adrunaline.pl\" target=\"_blank\" rel=\"noreferrer noopener\"><img loading=\"lazy\" decoding=\"async\" width=\"1024\" height=\"1024\" src=\"https:\/\/www.wiaralecha.pl\/wp-content\/uploads\/2023\/01\/AdRunaLine_bez_tla-1024x1024.png\" alt=\"\" class=\"wp-image-9185\" style=\"width:256px;height:256px\" srcset=\"https:\/\/www.wiaralecha.pl\/wp-content\/uploads\/2023\/01\/AdRunaLine_bez_tla-1024x1024.png 1024w, https:\/\/www.wiaralecha.pl\/wp-content\/uploads\/2023\/01\/AdRunaLine_bez_tla-300x300.png 300w, https:\/\/www.wiaralecha.pl\/wp-content\/uploads\/2023\/01\/AdRunaLine_bez_tla-150x150.png 150w, https:\/\/www.wiaralecha.pl\/wp-content\/uploads\/2023\/01\/AdRunaLine_bez_tla-768x768.png 768w, https:\/\/www.wiaralecha.pl\/wp-content\/uploads\/2023\/01\/AdRunaLine_bez_tla-1536x1536.png 1536w, https:\/\/www.wiaralecha.pl\/wp-content\/uploads\/2023\/01\/AdRunaLine_bez_tla-128x128.png 128w, https:\/\/www.wiaralecha.pl\/wp-content\/uploads\/2023\/01\/AdRunaLine_bez_tla-32x32.png 32w, https:\/\/www.wiaralecha.pl\/wp-content\/uploads\/2023\/01\/AdRunaLine_bez_tla-400x400.png 400w, https:\/\/www.wiaralecha.pl\/wp-content\/uploads\/2023\/01\/AdRunaLine_bez_tla-80x80.png 80w, https:\/\/www.wiaralecha.pl\/wp-content\/uploads\/2023\/01\/AdRunaLine_bez_tla-356x356.png 356w, https:\/\/www.wiaralecha.pl\/wp-content\/uploads\/2023\/01\/AdRunaLine_bez_tla-470x470.png 470w, https:\/\/www.wiaralecha.pl\/wp-content\/uploads\/2023\/01\/AdRunaLine_bez_tla-70x70.png 70w, https:\/\/www.wiaralecha.pl\/wp-content\/uploads\/2023\/01\/AdRunaLine_bez_tla-100x100.png 100w, https:\/\/www.wiaralecha.pl\/wp-content\/uploads\/2023\/01\/AdRunaLine_bez_tla-40x40.png 40w, https:\/\/www.wiaralecha.pl\/wp-content\/uploads\/2023\/01\/AdRunaLine_bez_tla.png 2000w\" sizes=\"auto, (max-width: 1024px) 100vw, 1024px\" \/><\/a><\/figure>\n<\/div><\/div>\n\n\n\n<div class=\"wp-block-column is-layout-flow wp-block-column-is-layout-flow\">\n<h1 class=\"wp-block-heading has-text-align-center has-black-color has-text-color has-background\" style=\"background:linear-gradient(90deg,rgb(238,238,238) 0%,rgb(169,184,195) 100%);font-size:17px;text-transform:uppercase\"><strong>PARTNER KSI\u0118GOWY<\/strong><\/h1>\n\n\n<div class=\"wp-block-image\">\n<figure class=\"aligncenter size-large is-resized\"><img loading=\"lazy\" decoding=\"async\" width=\"1024\" height=\"1024\" src=\"https:\/\/www.wiaralecha.pl\/wp-content\/uploads\/2023\/12\/Kwarta_przezroczyste-1024x1024.png\" alt=\"\" class=\"wp-image-12009\" style=\"width:256px;height:256px\" srcset=\"https:\/\/www.wiaralecha.pl\/wp-content\/uploads\/2023\/12\/Kwarta_przezroczyste-1024x1024.png 1024w, https:\/\/www.wiaralecha.pl\/wp-content\/uploads\/2023\/12\/Kwarta_przezroczyste-300x300.png 300w, https:\/\/www.wiaralecha.pl\/wp-content\/uploads\/2023\/12\/Kwarta_przezroczyste-150x150.png 150w, https:\/\/www.wiaralecha.pl\/wp-content\/uploads\/2023\/12\/Kwarta_przezroczyste-768x768.png 768w, https:\/\/www.wiaralecha.pl\/wp-content\/uploads\/2023\/12\/Kwarta_przezroczyste-1536x1536.png 1536w, https:\/\/www.wiaralecha.pl\/wp-content\/uploads\/2023\/12\/Kwarta_przezroczyste-128x128.png 128w, https:\/\/www.wiaralecha.pl\/wp-content\/uploads\/2023\/12\/Kwarta_przezroczyste-32x32.png 32w, https:\/\/www.wiaralecha.pl\/wp-content\/uploads\/2023\/12\/Kwarta_przezroczyste-400x400.png 400w, https:\/\/www.wiaralecha.pl\/wp-content\/uploads\/2023\/12\/Kwarta_przezroczyste-80x80.png 80w, https:\/\/www.wiaralecha.pl\/wp-content\/uploads\/2023\/12\/Kwarta_przezroczyste-356x356.png 356w, https:\/\/www.wiaralecha.pl\/wp-content\/uploads\/2023\/12\/Kwarta_przezroczyste-470x470.png 470w, https:\/\/www.wiaralecha.pl\/wp-content\/uploads\/2023\/12\/Kwarta_przezroczyste-70x70.png 70w, https:\/\/www.wiaralecha.pl\/wp-content\/uploads\/2023\/12\/Kwarta_przezroczyste-100x100.png 100w, https:\/\/www.wiaralecha.pl\/wp-content\/uploads\/2023\/12\/Kwarta_przezroczyste-40x40.png 40w, https:\/\/www.wiaralecha.pl\/wp-content\/uploads\/2023\/12\/Kwarta_przezroczyste.png 2000w\" sizes=\"auto, (max-width: 1024px) 100vw, 1024px\" \/><\/figure>\n<\/div><\/div>\n\n\n\n<div class=\"wp-block-column is-layout-flow wp-block-column-is-layout-flow\">\n<h1 class=\"wp-block-heading has-text-align-center has-black-color has-very-light-gray-to-cyan-bluish-gray-gradient-background has-text-color has-background\" style=\"font-size:17px;text-transform:uppercase\"><strong>PARTNER PRAWNY<\/strong><\/h1>\n\n\n<div class=\"wp-block-image\">\n<figure class=\"aligncenter size-full is-resized\"><img loading=\"lazy\" decoding=\"async\" width=\"1000\" height=\"1000\" src=\"https:\/\/www.wiaralecha.pl\/wp-content\/uploads\/2024\/09\/Walczak_bez_tla.png\" alt=\"\" class=\"wp-image-14229\" style=\"width:256px;height:256px\" srcset=\"https:\/\/www.wiaralecha.pl\/wp-content\/uploads\/2024\/09\/Walczak_bez_tla.png 1000w, https:\/\/www.wiaralecha.pl\/wp-content\/uploads\/2024\/09\/Walczak_bez_tla-300x300.png 300w, https:\/\/www.wiaralecha.pl\/wp-content\/uploads\/2024\/09\/Walczak_bez_tla-150x150.png 150w, https:\/\/www.wiaralecha.pl\/wp-content\/uploads\/2024\/09\/Walczak_bez_tla-768x768.png 768w, https:\/\/www.wiaralecha.pl\/wp-content\/uploads\/2024\/09\/Walczak_bez_tla-128x128.png 128w, https:\/\/www.wiaralecha.pl\/wp-content\/uploads\/2024\/09\/Walczak_bez_tla-32x32.png 32w, https:\/\/www.wiaralecha.pl\/wp-content\/uploads\/2024\/09\/Walczak_bez_tla-400x400.png 400w, https:\/\/www.wiaralecha.pl\/wp-content\/uploads\/2024\/09\/Walczak_bez_tla-80x80.png 80w, https:\/\/www.wiaralecha.pl\/wp-content\/uploads\/2024\/09\/Walczak_bez_tla-356x356.png 356w, https:\/\/www.wiaralecha.pl\/wp-content\/uploads\/2024\/09\/Walczak_bez_tla-470x470.png 470w, https:\/\/www.wiaralecha.pl\/wp-content\/uploads\/2024\/09\/Walczak_bez_tla-70x70.png 70w, https:\/\/www.wiaralecha.pl\/wp-content\/uploads\/2024\/09\/Walczak_bez_tla-100x100.png 100w, https:\/\/www.wiaralecha.pl\/wp-content\/uploads\/2024\/09\/Walczak_bez_tla-40x40.png 40w\" sizes=\"auto, (max-width: 1000px) 100vw, 1000px\" \/><\/figure>\n<\/div><\/div>\n<\/div>\n\n\n\n<h2 class=\"wp-block-heading has-text-align-center has-black-color has-text-color has-background has-medium-font-size\" style=\"background:linear-gradient(90deg,rgb(238,238,238) 0%,rgb(169,184,195) 100%);text-transform:uppercase\"><strong>PARTNER UBEZPIECZENIOWY<\/strong><\/h2>\n\n\n<div class=\"wp-block-image\">\n<figure class=\"aligncenter size-full is-resized\"><a href=\"www.unifi.pl\" target=\"_blank\" rel=\"noreferrer noopener\"><img loading=\"lazy\" decoding=\"async\" width=\"1000\" height=\"1000\" src=\"https:\/\/www.wiaralecha.pl\/wp-content\/uploads\/2024\/09\/Unifi-1.png\" alt=\"\" class=\"wp-image-14234\" style=\"width:246px;height:auto\" srcset=\"https:\/\/www.wiaralecha.pl\/wp-content\/uploads\/2024\/09\/Unifi-1.png 1000w, https:\/\/www.wiaralecha.pl\/wp-content\/uploads\/2024\/09\/Unifi-1-300x300.png 300w, https:\/\/www.wiaralecha.pl\/wp-content\/uploads\/2024\/09\/Unifi-1-150x150.png 150w, https:\/\/www.wiaralecha.pl\/wp-content\/uploads\/2024\/09\/Unifi-1-768x768.png 768w, https:\/\/www.wiaralecha.pl\/wp-content\/uploads\/2024\/09\/Unifi-1-128x128.png 128w, https:\/\/www.wiaralecha.pl\/wp-content\/uploads\/2024\/09\/Unifi-1-32x32.png 32w, https:\/\/www.wiaralecha.pl\/wp-content\/uploads\/2024\/09\/Unifi-1-400x400.png 400w, https:\/\/www.wiaralecha.pl\/wp-content\/uploads\/2024\/09\/Unifi-1-80x80.png 80w, https:\/\/www.wiaralecha.pl\/wp-content\/uploads\/2024\/09\/Unifi-1-356x356.png 356w, https:\/\/www.wiaralecha.pl\/wp-content\/uploads\/2024\/09\/Unifi-1-470x470.png 470w, https:\/\/www.wiaralecha.pl\/wp-content\/uploads\/2024\/09\/Unifi-1-70x70.png 70w, https:\/\/www.wiaralecha.pl\/wp-content\/uploads\/2024\/09\/Unifi-1-100x100.png 100w, https:\/\/www.wiaralecha.pl\/wp-content\/uploads\/2024\/09\/Unifi-1-40x40.png 40w\" sizes=\"auto, (max-width: 1000px) 100vw, 1000px\" \/><\/a><\/figure>\n<\/div>\n\n\n<h2 class=\"wp-block-heading has-text-align-center has-black-color has-text-color has-background has-medium-font-size\" style=\"background:linear-gradient(90deg,rgb(238,238,238) 0%,rgb(169,184,195) 100%);text-transform:uppercase\"><strong>PARTNERZY<\/strong><\/h2>\n\n\n\n<p><\/p>\n\n\n\n<div class=\"wp-block-columns is-layout-flex wp-container-core-columns-is-layout-9d6595d7 wp-block-columns-is-layout-flex\">\n<div class=\"wp-block-column is-layout-flow wp-block-column-is-layout-flow\"><div class=\"wp-block-image\">\n<figure class=\"aligncenter size-large is-resized\"><a href=\"https:\/\/kornik.pl\/\" target=\"_blank\" rel=\"noreferrer noopener\"><img loading=\"lazy\" decoding=\"async\" width=\"1024\" height=\"1024\" src=\"https:\/\/www.wiaralecha.pl\/wp-content\/uploads\/2023\/12\/Kornik_bez_tla-1024x1024.png\" alt=\"\" class=\"wp-image-12018\" style=\"width:256px;height:256px\" srcset=\"https:\/\/www.wiaralecha.pl\/wp-content\/uploads\/2023\/12\/Kornik_bez_tla-1024x1024.png 1024w, https:\/\/www.wiaralecha.pl\/wp-content\/uploads\/2023\/12\/Kornik_bez_tla-300x300.png 300w, https:\/\/www.wiaralecha.pl\/wp-content\/uploads\/2023\/12\/Kornik_bez_tla-150x150.png 150w, https:\/\/www.wiaralecha.pl\/wp-content\/uploads\/2023\/12\/Kornik_bez_tla-768x768.png 768w, https:\/\/www.wiaralecha.pl\/wp-content\/uploads\/2023\/12\/Kornik_bez_tla-1536x1536.png 1536w, https:\/\/www.wiaralecha.pl\/wp-content\/uploads\/2023\/12\/Kornik_bez_tla-128x128.png 128w, https:\/\/www.wiaralecha.pl\/wp-content\/uploads\/2023\/12\/Kornik_bez_tla-32x32.png 32w, https:\/\/www.wiaralecha.pl\/wp-content\/uploads\/2023\/12\/Kornik_bez_tla-400x400.png 400w, https:\/\/www.wiaralecha.pl\/wp-content\/uploads\/2023\/12\/Kornik_bez_tla-80x80.png 80w, https:\/\/www.wiaralecha.pl\/wp-content\/uploads\/2023\/12\/Kornik_bez_tla-356x356.png 356w, https:\/\/www.wiaralecha.pl\/wp-content\/uploads\/2023\/12\/Kornik_bez_tla-470x470.png 470w, https:\/\/www.wiaralecha.pl\/wp-content\/uploads\/2023\/12\/Kornik_bez_tla-70x70.png 70w, https:\/\/www.wiaralecha.pl\/wp-content\/uploads\/2023\/12\/Kornik_bez_tla-100x100.png 100w, https:\/\/www.wiaralecha.pl\/wp-content\/uploads\/2023\/12\/Kornik_bez_tla-40x40.png 40w, https:\/\/www.wiaralecha.pl\/wp-content\/uploads\/2023\/12\/Kornik_bez_tla.png 2000w\" sizes=\"auto, (max-width: 1024px) 100vw, 1024px\" \/><\/a><\/figure>\n<\/div><\/div>\n\n\n\n<div class=\"wp-block-column is-layout-flow wp-block-column-is-layout-flow\"><div class=\"wp-block-image\">\n<figure class=\"aligncenter size-large is-resized\"><a href=\"https:\/\/www.facebook.com\/robakowo.osiedle\" target=\"_blank\" rel=\"noreferrer noopener\"><img loading=\"lazy\" decoding=\"async\" width=\"1024\" height=\"1024\" src=\"https:\/\/www.wiaralecha.pl\/wp-content\/uploads\/2023\/01\/Robakowo-1024x1024.png\" alt=\"\" class=\"wp-image-9222\" style=\"width:256px;height:256px\" srcset=\"https:\/\/www.wiaralecha.pl\/wp-content\/uploads\/2023\/01\/Robakowo-1024x1024.png 1024w, https:\/\/www.wiaralecha.pl\/wp-content\/uploads\/2023\/01\/Robakowo-300x300.png 300w, https:\/\/www.wiaralecha.pl\/wp-content\/uploads\/2023\/01\/Robakowo-150x150.png 150w, https:\/\/www.wiaralecha.pl\/wp-content\/uploads\/2023\/01\/Robakowo-768x768.png 768w, https:\/\/www.wiaralecha.pl\/wp-content\/uploads\/2023\/01\/Robakowo-1536x1536.png 1536w, https:\/\/www.wiaralecha.pl\/wp-content\/uploads\/2023\/01\/Robakowo-128x128.png 128w, https:\/\/www.wiaralecha.pl\/wp-content\/uploads\/2023\/01\/Robakowo-32x32.png 32w, https:\/\/www.wiaralecha.pl\/wp-content\/uploads\/2023\/01\/Robakowo-400x400.png 400w, https:\/\/www.wiaralecha.pl\/wp-content\/uploads\/2023\/01\/Robakowo-80x80.png 80w, https:\/\/www.wiaralecha.pl\/wp-content\/uploads\/2023\/01\/Robakowo-356x356.png 356w, https:\/\/www.wiaralecha.pl\/wp-content\/uploads\/2023\/01\/Robakowo-470x470.png 470w, https:\/\/www.wiaralecha.pl\/wp-content\/uploads\/2023\/01\/Robakowo-70x70.png 70w, https:\/\/www.wiaralecha.pl\/wp-content\/uploads\/2023\/01\/Robakowo-100x100.png 100w, https:\/\/www.wiaralecha.pl\/wp-content\/uploads\/2023\/01\/Robakowo-40x40.png 40w, https:\/\/www.wiaralecha.pl\/wp-content\/uploads\/2023\/01\/Robakowo.png 2000w\" sizes=\"auto, (max-width: 1024px) 100vw, 1024px\" \/><\/a><\/figure>\n<\/div><\/div>\n\n\n\n<div class=\"wp-block-column is-layout-flow wp-block-column-is-layout-flow\"><div class=\"wp-block-image\">\n<figure class=\"aligncenter size-large is-resized\"><a href=\"https:\/\/www.facebook.com\/WiaraLecha\" target=\"_blank\" rel=\"noreferrer noopener\"><img loading=\"lazy\" decoding=\"async\" width=\"1024\" height=\"1024\" src=\"https:\/\/www.wiaralecha.pl\/wp-content\/uploads\/2023\/01\/SKK_bez_tla-1024x1024.png\" alt=\"\" class=\"wp-image-9196\" style=\"width:256px;height:256px\" srcset=\"https:\/\/www.wiaralecha.pl\/wp-content\/uploads\/2023\/01\/SKK_bez_tla-1024x1024.png 1024w, https:\/\/www.wiaralecha.pl\/wp-content\/uploads\/2023\/01\/SKK_bez_tla-300x300.png 300w, https:\/\/www.wiaralecha.pl\/wp-content\/uploads\/2023\/01\/SKK_bez_tla-150x150.png 150w, https:\/\/www.wiaralecha.pl\/wp-content\/uploads\/2023\/01\/SKK_bez_tla-768x768.png 768w, https:\/\/www.wiaralecha.pl\/wp-content\/uploads\/2023\/01\/SKK_bez_tla-1536x1536.png 1536w, https:\/\/www.wiaralecha.pl\/wp-content\/uploads\/2023\/01\/SKK_bez_tla-128x128.png 128w, https:\/\/www.wiaralecha.pl\/wp-content\/uploads\/2023\/01\/SKK_bez_tla-32x32.png 32w, https:\/\/www.wiaralecha.pl\/wp-content\/uploads\/2023\/01\/SKK_bez_tla-400x400.png 400w, https:\/\/www.wiaralecha.pl\/wp-content\/uploads\/2023\/01\/SKK_bez_tla-80x80.png 80w, https:\/\/www.wiaralecha.pl\/wp-content\/uploads\/2023\/01\/SKK_bez_tla-356x356.png 356w, https:\/\/www.wiaralecha.pl\/wp-content\/uploads\/2023\/01\/SKK_bez_tla-470x470.png 470w, https:\/\/www.wiaralecha.pl\/wp-content\/uploads\/2023\/01\/SKK_bez_tla-70x70.png 70w, https:\/\/www.wiaralecha.pl\/wp-content\/uploads\/2023\/01\/SKK_bez_tla-100x100.png 100w, https:\/\/www.wiaralecha.pl\/wp-content\/uploads\/2023\/01\/SKK_bez_tla-40x40.png 40w, https:\/\/www.wiaralecha.pl\/wp-content\/uploads\/2023\/01\/SKK_bez_tla.png 2000w\" sizes=\"auto, (max-width: 1024px) 100vw, 1024px\" \/><\/a><\/figure>\n<\/div><\/div>\n<\/div>\n\n\n\n<div class=\"wp-block-columns is-layout-flex wp-container-core-columns-is-layout-9d6595d7 wp-block-columns-is-layout-flex\">\n<div class=\"wp-block-column is-layout-flow wp-block-column-is-layout-flow\"><div class=\"wp-block-image\">\n<figure class=\"aligncenter size-large is-resized\"><a href=\"http:\/\/kibice-razem.pl\" target=\"_blank\" rel=\"noreferrer noopener\"><img loading=\"lazy\" decoding=\"async\" width=\"1024\" height=\"1024\" src=\"https:\/\/www.wiaralecha.pl\/wp-content\/uploads\/2023\/01\/KR_bez_tla-1024x1024.png\" alt=\"\" class=\"wp-image-9194\" style=\"width:256px;height:256px\" srcset=\"https:\/\/www.wiaralecha.pl\/wp-content\/uploads\/2023\/01\/KR_bez_tla-1024x1024.png 1024w, https:\/\/www.wiaralecha.pl\/wp-content\/uploads\/2023\/01\/KR_bez_tla-300x300.png 300w, https:\/\/www.wiaralecha.pl\/wp-content\/uploads\/2023\/01\/KR_bez_tla-150x150.png 150w, https:\/\/www.wiaralecha.pl\/wp-content\/uploads\/2023\/01\/KR_bez_tla-768x768.png 768w, https:\/\/www.wiaralecha.pl\/wp-content\/uploads\/2023\/01\/KR_bez_tla-1536x1536.png 1536w, https:\/\/www.wiaralecha.pl\/wp-content\/uploads\/2023\/01\/KR_bez_tla-128x128.png 128w, https:\/\/www.wiaralecha.pl\/wp-content\/uploads\/2023\/01\/KR_bez_tla-32x32.png 32w, https:\/\/www.wiaralecha.pl\/wp-content\/uploads\/2023\/01\/KR_bez_tla-400x400.png 400w, https:\/\/www.wiaralecha.pl\/wp-content\/uploads\/2023\/01\/KR_bez_tla-80x80.png 80w, https:\/\/www.wiaralecha.pl\/wp-content\/uploads\/2023\/01\/KR_bez_tla-356x356.png 356w, https:\/\/www.wiaralecha.pl\/wp-content\/uploads\/2023\/01\/KR_bez_tla-470x470.png 470w, https:\/\/www.wiaralecha.pl\/wp-content\/uploads\/2023\/01\/KR_bez_tla-70x70.png 70w, https:\/\/www.wiaralecha.pl\/wp-content\/uploads\/2023\/01\/KR_bez_tla-100x100.png 100w, https:\/\/www.wiaralecha.pl\/wp-content\/uploads\/2023\/01\/KR_bez_tla-40x40.png 40w, https:\/\/www.wiaralecha.pl\/wp-content\/uploads\/2023\/01\/KR_bez_tla.png 2000w\" sizes=\"auto, (max-width: 1024px) 100vw, 1024px\" \/><\/a><\/figure>\n<\/div><\/div>\n\n\n\n<div class=\"wp-block-column is-layout-flow wp-block-column-is-layout-flow\"><\/div>\n\n\n\n<div class=\"wp-block-column is-layout-flow wp-block-column-is-layout-flow\"><\/div>\n<\/div>\n\n\n\n<div class=\"wp-block-columns is-layout-flex wp-container-core-columns-is-layout-9d6595d7 wp-block-columns-is-layout-flex\">\n<div class=\"wp-block-column is-layout-flow wp-block-column-is-layout-flow\"><\/div>\n\n\n\n<div class=\"wp-block-column is-layout-flow wp-block-column-is-layout-flow\"><\/div>\n\n\n\n<div class=\"wp-block-column is-layout-flow wp-block-column-is-layout-flow\"><\/div>\n<\/div>\n","protected":false},"excerpt":{"rendered":"<p>SPONSOR STRATEGICZNY SPONSOR G\u0141\u00d3WNY PARTNER TECHNICZNY PARTNER KSI\u0118GOWY PARTNER PRAWNY PARTNER UBEZPIECZENIOWY PARTNERZY<\/p>\n","protected":false},"author":2,"featured_media":0,"parent":0,"menu_order":0,"comment_status":"closed","ping_status":"closed","template":"template-full-width.php","meta":{"_acf_changed":false,"footnotes":""},"class_list":["post-12016","page","type-page","status-publish","hentry"],"acf":[],"jetpack_sharing_enabled":true,"_links":{"self":[{"href":"https:\/\/www.wiaralecha.pl\/index.php\/wp-json\/wp\/v2\/pages\/12016","targetHints":{"allow":["GET"]}}],"collection":[{"href":"https:\/\/www.wiaralecha.pl\/index.php\/wp-json\/wp\/v2\/pages"}],"about":[{"href":"https:\/\/www.wiaralecha.pl\/index.php\/wp-json\/wp\/v2\/types\/page"}],"author":[{"embeddable":true,"href":"https:\/\/www.wiaralecha.pl\/index.php\/wp-json\/wp\/v2\/users\/2"}],"replies":[{"embeddable":true,"href":"https:\/\/www.wiaralecha.pl\/index.php\/wp-json\/wp\/v2\/comments?post=12016"}],"version-history":[{"count":5,"href":"https:\/\/www.wiaralecha.pl\/index.php\/wp-json\/wp\/v2\/pages\/12016\/revisions"}],"predecessor-version":[{"id":14240,"href":"https:\/\/www.wiaralecha.pl\/index.php\/wp-json\/wp\/v2\/pages\/12016\/revisions\/14240"}],"wp:attachment":[{"href":"https:\/\/www.wiaralecha.pl\/index.php\/wp-json\/wp\/v2\/media?parent=12016"}],"curies":[{"name":"wp","href":"https:\/\/api.w.org\/{rel}","templated":true}]}}