{"id":13879,"date":"2024-08-08T19:13:31","date_gmt":"2024-08-08T17:13:31","guid":{"rendered":"https:\/\/www.wiaralecha.pl\/?page_id=13879"},"modified":"2024-08-08T19:17:11","modified_gmt":"2024-08-08T17:17:11","slug":"certyfikat-wdrozenia-standardow-ochrony-maloletnich","status":"publish","type":"page","link":"https:\/\/www.wiaralecha.pl\/index.php\/certyfikat-wdrozenia-standardow-ochrony-maloletnich\/","title":{"rendered":"Certyfikat wdro\u017cenia standard\u00f3w ochrony ma\u0142oletnich"},"content":{"rendered":"<div class=\"wp-block-image\">\n<figure class=\"aligncenter size-large\"><img loading=\"lazy\" decoding=\"async\" width=\"1024\" height=\"724\" src=\"https:\/\/www.wiaralecha.pl\/wp-content\/uploads\/2024\/08\/Certyfikat-1024x724.png\" alt=\"\" class=\"wp-image-13880\" srcset=\"https:\/\/www.wiaralecha.pl\/wp-content\/uploads\/2024\/08\/Certyfikat-1024x724.png 1024w, https:\/\/www.wiaralecha.pl\/wp-content\/uploads\/2024\/08\/Certyfikat-300x212.png 300w, https:\/\/www.wiaralecha.pl\/wp-content\/uploads\/2024\/08\/Certyfikat-768x543.png 768w, https:\/\/www.wiaralecha.pl\/wp-content\/uploads\/2024\/08\/Certyfikat-1536x1086.png 1536w, https:\/\/www.wiaralecha.pl\/wp-content\/uploads\/2024\/08\/Certyfikat-128x90.png 128w, https:\/\/www.wiaralecha.pl\/wp-content\/uploads\/2024\/08\/Certyfikat-32x23.png 32w, https:\/\/www.wiaralecha.pl\/wp-content\/uploads\/2024\/08\/Certyfikat-380x270.png 380w, https:\/\/www.wiaralecha.pl\/wp-content\/uploads\/2024\/08\/Certyfikat-356x252.png 356w, https:\/\/www.wiaralecha.pl\/wp-content\/uploads\/2024\/08\/Certyfikat-470x332.png 470w, https:\/\/www.wiaralecha.pl\/wp-content\/uploads\/2024\/08\/Certyfikat-70x49.png 70w, https:\/\/www.wiaralecha.pl\/wp-content\/uploads\/2024\/08\/Certyfikat-100x71.png 100w, https:\/\/www.wiaralecha.pl\/wp-content\/uploads\/2024\/08\/Certyfikat.png 2000w\" sizes=\"auto, (max-width: 1024px) 100vw, 1024px\" \/><\/figure>\n<\/div>\n\n\n<p><\/p>\n\n\n\n<h5 class=\"wp-block-heading has-text-align-center\"><strong>Stowarzyszenie Wiara Lecha obs\u0142uguje <a href=\"http:\/\/rodo.pl\">rodo.pl<\/a><\/strong><\/h5>\n\n\n\n<p><\/p>\n","protected":false},"excerpt":{"rendered":"<p>Stowarzyszenie Wiara Lecha obs\u0142uguje rodo.pl<\/p>\n","protected":false},"author":2,"featured_media":0,"parent":0,"menu_order":0,"comment_status":"closed","ping_status":"closed","template":"template-full-width.php","meta":{"_acf_changed":false,"footnotes":""},"class_list":["post-13879","page","type-page","status-publish","hentry"],"acf":[],"jetpack_sharing_enabled":true,"_links":{"self":[{"href":"https:\/\/www.wiaralecha.pl\/index.php\/wp-json\/wp\/v2\/pages\/13879","targetHints":{"allow":["GET"]}}],"collection":[{"href":"https:\/\/www.wiaralecha.pl\/index.php\/wp-json\/wp\/v2\/pages"}],"about":[{"href":"https:\/\/www.wiaralecha.pl\/index.php\/wp-json\/wp\/v2\/types\/page"}],"author":[{"embeddable":true,"href":"https:\/\/www.wiaralecha.pl\/index.php\/wp-json\/wp\/v2\/users\/2"}],"replies":[{"embeddable":true,"href":"https:\/\/www.wiaralecha.pl\/index.php\/wp-json\/wp\/v2\/comments?post=13879"}],"version-history":[{"count":4,"href":"https:\/\/www.wiaralecha.pl\/index.php\/wp-json\/wp\/v2\/pages\/13879\/revisions"}],"predecessor-version":[{"id":13887,"href":"https:\/\/www.wiaralecha.pl\/index.php\/wp-json\/wp\/v2\/pages\/13879\/revisions\/13887"}],"wp:attachment":[{"href":"https:\/\/www.wiaralecha.pl\/index.php\/wp-json\/wp\/v2\/media?parent=13879"}],"curies":[{"name":"wp","href":"https:\/\/api.w.org\/{rel}","templated":true}]}}