{"id":14213,"date":"2024-09-18T14:59:08","date_gmt":"2024-09-18T12:59:08","guid":{"rendered":"https:\/\/www.wiaralecha.pl\/?page_id=14213"},"modified":"2024-09-18T15:00:51","modified_gmt":"2024-09-18T13:00:51","slug":"standardy-ochrony-dzieci","status":"publish","type":"page","link":"https:\/\/www.wiaralecha.pl\/index.php\/standardy-ochrony-dzieci\/","title":{"rendered":"Standardy ochrony dzieci"},"content":{"rendered":"\n<h1 class=\"wp-block-heading has-text-align-center\"><strong>Standardy ochrony dzieci<\/strong><\/h1>\n\n\n\n<h2 class=\"wp-block-heading\"><strong>Zgodnie z obowi\u0105zuj\u0105cym prawem Zarz\u0105d Stowarzyszenia Wiary Lecha oraz Akademia Pi\u0142karska Wiary Lecha wprowadzaj\u0105 do stosowania \u201eStandardy Ochrony Dzieci i M\u0142odzie\u017cy\u201d, kt\u00f3rych naczelnym celem jest zapewnienie bezpiecze\u0144stwa ma\u0142oletnim zawodnikom, dba\u0142o\u015b\u0107 o ich dobro, uwzgl\u0119dnianie ich potrzeb i podejmowanie dzia\u0142a\u0144 w ich jak najlepszym interesie.<\/strong><\/h2>\n\n\n\n<p>Standardy w wersji pe\u0142nej, skr\u00f3conej dla dzieci s\u0105 dost\u0119pne na stronie internetowej klubu, do wgl\u0105du w Biurze Klubu oraz w ka\u017cdej lokalizacji Naszej Akademii u trener\u00f3w.&nbsp;<\/p>\n\n\n\n<div data-wp-interactive=\"core\/file\" class=\"wp-block-file\"><object data-wp-bind--hidden=\"!state.hasPdfPreview\" hidden class=\"wp-block-file__embed\" data=\"https:\/\/www.wiaralecha.pl\/wp-content\/uploads\/2024\/09\/Standardy-Ochrony-Dzieci-_-Akademia-.pdf\" type=\"application\/pdf\" style=\"width:100%;height:600px\" aria-label=\"Osadzone z Standardy-Ochrony-Dzieci _ Akademia.\"><\/object><a id=\"wp-block-file--media-891e84d7-2df8-43ad-b454-d4401ff8b90a\" href=\"https:\/\/www.wiaralecha.pl\/wp-content\/uploads\/2024\/09\/Standardy-Ochrony-Dzieci-_-Akademia-.pdf\">Standardy-Ochrony-Dzieci _ Akademia<\/a><a href=\"https:\/\/www.wiaralecha.pl\/wp-content\/uploads\/2024\/09\/Standardy-Ochrony-Dzieci-_-Akademia-.pdf\" class=\"wp-block-file__button wp-element-button\" download aria-describedby=\"wp-block-file--media-891e84d7-2df8-43ad-b454-d4401ff8b90a\">Pobierz<\/a><\/div>\n\n\n\n<div data-wp-interactive=\"core\/file\" class=\"wp-block-file\"><object data-wp-bind--hidden=\"!state.hasPdfPreview\" hidden class=\"wp-block-file__embed\" data=\"https:\/\/www.wiaralecha.pl\/wp-content\/uploads\/2024\/09\/Standardy-Ochrony-Dzieci-wersja-skrocona_Wiara-Lecha.pdf\" type=\"application\/pdf\" style=\"width:100%;height:600px\" aria-label=\"Osadzone z Standardy-Ochrony-Dzieci wersja skr\u00f3cona_Wiara Lecha.\"><\/object><a id=\"wp-block-file--media-2226ab93-088a-42ef-bd35-5602d217a17a\" href=\"https:\/\/www.wiaralecha.pl\/wp-content\/uploads\/2024\/09\/Standardy-Ochrony-Dzieci-wersja-skrocona_Wiara-Lecha.pdf\">Standardy-Ochrony-Dzieci wersja skr\u00f3cona_Wiara Lecha<\/a><a href=\"https:\/\/www.wiaralecha.pl\/wp-content\/uploads\/2024\/09\/Standardy-Ochrony-Dzieci-wersja-skrocona_Wiara-Lecha.pdf\" class=\"wp-block-file__button wp-element-button\" download aria-describedby=\"wp-block-file--media-2226ab93-088a-42ef-bd35-5602d217a17a\">Pobierz<\/a><\/div>\n","protected":false},"excerpt":{"rendered":"<p>Standardy ochrony dzieci Zgodnie z obowi\u0105zuj\u0105cym prawem Zarz\u0105d Stowarzyszenia Wiary Lecha oraz Akademia Pi\u0142karska Wiary Lecha wprowadzaj\u0105 do stosowania \u201eStandardy Ochrony Dzieci i M\u0142odzie\u017cy\u201d, kt\u00f3rych naczelnym celem jest zapewnienie bezpiecze\u0144stwa ma\u0142oletnim zawodnikom, dba\u0142o\u015b\u0107 o ich dobro, uwzgl\u0119dnianie ich potrzeb i podejmowanie dzia\u0142a\u0144 w ich jak najlepszym interesie. Standardy w wersji pe\u0142nej, skr\u00f3conej dla dzieci s\u0105&#8230;<\/p>\n","protected":false},"author":2,"featured_media":0,"parent":0,"menu_order":0,"comment_status":"closed","ping_status":"closed","template":"template-full-width.php","meta":{"_acf_changed":false,"footnotes":""},"class_list":["post-14213","page","type-page","status-publish","hentry"],"acf":[],"jetpack_sharing_enabled":true,"_links":{"self":[{"href":"https:\/\/www.wiaralecha.pl\/index.php\/wp-json\/wp\/v2\/pages\/14213","targetHints":{"allow":["GET"]}}],"collection":[{"href":"https:\/\/www.wiaralecha.pl\/index.php\/wp-json\/wp\/v2\/pages"}],"about":[{"href":"https:\/\/www.wiaralecha.pl\/index.php\/wp-json\/wp\/v2\/types\/page"}],"author":[{"embeddable":true,"href":"https:\/\/www.wiaralecha.pl\/index.php\/wp-json\/wp\/v2\/users\/2"}],"replies":[{"embeddable":true,"href":"https:\/\/www.wiaralecha.pl\/index.php\/wp-json\/wp\/v2\/comments?post=14213"}],"version-history":[{"count":2,"href":"https:\/\/www.wiaralecha.pl\/index.php\/wp-json\/wp\/v2\/pages\/14213\/revisions"}],"predecessor-version":[{"id":14218,"href":"https:\/\/www.wiaralecha.pl\/index.php\/wp-json\/wp\/v2\/pages\/14213\/revisions\/14218"}],"wp:attachment":[{"href":"https:\/\/www.wiaralecha.pl\/index.php\/wp-json\/wp\/v2\/media?parent=14213"}],"curies":[{"name":"wp","href":"https:\/\/api.w.org\/{rel}","templated":true}]}}