{"id":1918,"date":"2020-08-24T09:33:29","date_gmt":"2020-08-24T07:33:29","guid":{"rendered":"https:\/\/www.kibicelecha.pl\/dwl\/?page_id=1918"},"modified":"2020-08-24T09:33:31","modified_gmt":"2020-08-24T07:33:31","slug":"statystyki","status":"publish","type":"page","link":"https:\/\/www.wiaralecha.pl\/index.php\/statystyki\/","title":{"rendered":"Statystyki"},"content":{"rendered":"<div class=\"sportspress\"><div class=\"card card--has-table\"><header class=\"card__header\"><h4 class=\"sp-table-caption\">Strzelcy<\/h4><\/header><div class=\"card__content sp-template sp-template-player-list\"><div class=\"table-responsive sp-table-wrapper\"><table class=\"table table--lg team-roster-table sp-player-list sp-data-table sp-sortable-table sp-responsive-table playerlist_69eb711719317 sp-scrollable-table sp-paginated-table\" data-sp-rows=\"40\"><thead><tr><th class=\"data-rank\">Rank<\/th><th class=\"data-name\">Zawodnik<\/th><th class=\"data-goals\"><i class=\"sp-icon-soccerball\" title=\"Bramka\" style=\"color:#222222 !important\"><\/i> <\/th><\/tr><\/thead><tbody><tr class=\"odd\"><td class=\"data-rank\" data-label=\"#\">1<\/td><td class=\"data-name has-photo\" data-label=\"Zawodnik\"><a href=\"https:\/\/www.wiaralecha.pl\/index.php\/player\/daniel-mankiewicz\/\"><span class=\"player-photo\"><img loading=\"lazy\" decoding=\"async\" width=\"40\" height=\"40\" src=\"https:\/\/www.wiaralecha.pl\/wp-content\/uploads\/2025\/10\/Daniel_Mankiewicz-40x40.png\" class=\"attachment-alchemists_player-xxs size-alchemists_player-xxs wp-post-image\" alt=\"\" \/><\/span><span class=\"player-name\">Daniel Mankiewicz<\/span><\/a><\/td><td class=\"data-goals\" data-label=\"Bramka\">1<\/td><\/tr><tr class=\"even\"><td class=\"data-rank\" data-label=\"#\">2<\/td><td class=\"data-name has-photo\" data-label=\"Zawodnik\"><a href=\"https:\/\/www.wiaralecha.pl\/index.php\/player\/krzysztof-szenfeld\/\"><span class=\"player-photo\"><img loading=\"lazy\" decoding=\"async\" width=\"40\" height=\"40\" src=\"https:\/\/www.wiaralecha.pl\/wp-content\/uploads\/2024\/09\/K_Szenfeld-40x40.png\" class=\"attachment-alchemists_player-xxs size-alchemists_player-xxs wp-post-image\" alt=\"\" \/><\/span><span class=\"player-name\">Krzysztof Szenfeld<\/span><\/a><\/td><td class=\"data-goals\" data-label=\"Bramka\">1<\/td><\/tr><tr class=\"odd\"><td class=\"data-rank\" data-label=\"#\">3<\/td><td class=\"data-name has-photo\" data-label=\"Zawodnik\"><a href=\"https:\/\/www.wiaralecha.pl\/index.php\/player\/dawid-czerniejewicz\/\"><span class=\"player-photo\"><img loading=\"lazy\" decoding=\"async\" width=\"40\" height=\"40\" src=\"https:\/\/www.wiaralecha.pl\/wp-content\/uploads\/2024\/11\/D_Czerniejewicz-40x40.png\" class=\"attachment-alchemists_player-xxs size-alchemists_player-xxs wp-post-image\" alt=\"\" \/><\/span><span class=\"player-name\">Dawid Czerniejewicz<\/span><\/a><\/td><td class=\"data-goals\" data-label=\"Bramka\">1<\/td><\/tr><\/tbody><\/table><\/div><\/div><\/div><\/div>\n\n\n<div class=\"sportspress\"><div class=\"card card--has-table\"><header class=\"card__header\"><h4 class=\"sp-table-caption\">Asystenci<\/h4><\/header><div class=\"card__content sp-template sp-template-player-list\"><div class=\"table-responsive sp-table-wrapper\"><table class=\"table table--lg team-roster-table sp-player-list sp-data-table sp-sortable-table sp-responsive-table playerlist_69eb71171ec8d sp-scrollable-table sp-paginated-table\" data-sp-rows=\"40\"><thead><tr><th class=\"data-rank\">Rank<\/th><th class=\"data-name\">Zawodnik<\/th><th class=\"data-assists\"><i class=\"sp-icon-shoe\" title=\"asysty\" style=\"color:#222222 !important\"><\/i> <\/th><\/tr><\/thead><tbody><tr class=\"odd\"><td class=\"data-rank\" data-label=\"#\">1<\/td><td class=\"data-name has-photo\" data-label=\"Zawodnik\"><a href=\"https:\/\/www.wiaralecha.pl\/index.php\/player\/dawid-czerniejewicz\/\"><span class=\"player-photo\"><img loading=\"lazy\" decoding=\"async\" width=\"40\" height=\"40\" src=\"https:\/\/www.wiaralecha.pl\/wp-content\/uploads\/2024\/11\/D_Czerniejewicz-40x40.png\" class=\"attachment-alchemists_player-xxs size-alchemists_player-xxs wp-post-image\" alt=\"\" \/><\/span><span class=\"player-name\">Dawid Czerniejewicz<\/span><\/a><\/td><td class=\"data-assists\" data-label=\"asysty\">3<\/td><\/tr><tr class=\"even\"><td class=\"data-rank\" data-label=\"#\">2<\/td><td class=\"data-name has-photo\" data-label=\"Zawodnik\"><a href=\"https:\/\/www.wiaralecha.pl\/index.php\/player\/daniel-mankiewicz\/\"><span class=\"player-photo\"><img loading=\"lazy\" decoding=\"async\" width=\"40\" height=\"40\" src=\"https:\/\/www.wiaralecha.pl\/wp-content\/uploads\/2025\/10\/Daniel_Mankiewicz-40x40.png\" class=\"attachment-alchemists_player-xxs size-alchemists_player-xxs wp-post-image\" alt=\"\" \/><\/span><span class=\"player-name\">Daniel Mankiewicz<\/span><\/a><\/td><td class=\"data-assists\" data-label=\"asysty\">1<\/td><\/tr><tr class=\"odd\"><td class=\"data-rank\" data-label=\"#\">3<\/td><td class=\"data-name has-photo\" data-label=\"Zawodnik\"><a href=\"https:\/\/www.wiaralecha.pl\/index.php\/player\/krzysztof-szenfeld\/\"><span class=\"player-photo\"><img loading=\"lazy\" decoding=\"async\" width=\"40\" height=\"40\" src=\"https:\/\/www.wiaralecha.pl\/wp-content\/uploads\/2024\/09\/K_Szenfeld-40x40.png\" class=\"attachment-alchemists_player-xxs size-alchemists_player-xxs wp-post-image\" alt=\"\" \/><\/span><span class=\"player-name\">Krzysztof Szenfeld<\/span><\/a><\/td><td class=\"data-assists\" data-label=\"asysty\">1<\/td><\/tr><\/tbody><\/table><\/div><\/div><\/div><\/div>\n\n\n<div class=\"sportspress\"><div class=\"card card--has-table\"><header class=\"card__header\"><h4 class=\"sp-table-caption\">Kartki<\/h4><\/header><div class=\"card__content sp-template sp-template-player-list\"><div class=\"table-responsive sp-table-wrapper\"><table class=\"table table--lg team-roster-table sp-player-list sp-data-table sp-sortable-table sp-responsive-table playerlist_69eb71172307f sp-scrollable-table sp-paginated-table\" data-sp-rows=\"40\"><thead><tr><th class=\"data-rank\">Rank<\/th><th class=\"data-name\">Zawodnik<\/th><th class=\"data-yellowcards\"><i class=\"sp-icon-card\" title=\"\u017b\u00f3\u0142ta kartka\" style=\"color:#f4d014 !important\"><\/i> <\/th><th class=\"data-redcards\"><i class=\"sp-icon-card\" title=\"Czerwona kartka\" style=\"color:#d4000f !important\"><\/i> <\/th><\/tr><\/thead><tbody><tr class=\"odd\"><td class=\"data-rank\" data-label=\"#\">1<\/td><td class=\"data-name has-photo\" data-label=\"Zawodnik\"><a href=\"https:\/\/www.wiaralecha.pl\/index.php\/player\/dawid-czerniejewicz\/\"><span class=\"player-photo\"><img loading=\"lazy\" decoding=\"async\" width=\"40\" height=\"40\" src=\"https:\/\/www.wiaralecha.pl\/wp-content\/uploads\/2024\/11\/D_Czerniejewicz-40x40.png\" class=\"attachment-alchemists_player-xxs size-alchemists_player-xxs wp-post-image\" alt=\"\" \/><\/span><span class=\"player-name\">Dawid Czerniejewicz<\/span><\/a><\/td><td class=\"data-yellowcards\" data-label=\"\u017b\u00f3\u0142ta kartka\">3<\/td><td class=\"data-redcards\" data-label=\"Czerwona kartka\">1<\/td><\/tr><tr class=\"even\"><td class=\"data-rank\" data-label=\"#\">2<\/td><td class=\"data-name has-photo\" data-label=\"Zawodnik\"><a href=\"https:\/\/www.wiaralecha.pl\/index.php\/player\/daniel-mankiewicz\/\"><span class=\"player-photo\"><img loading=\"lazy\" decoding=\"async\" width=\"40\" height=\"40\" src=\"https:\/\/www.wiaralecha.pl\/wp-content\/uploads\/2025\/10\/Daniel_Mankiewicz-40x40.png\" class=\"attachment-alchemists_player-xxs size-alchemists_player-xxs wp-post-image\" alt=\"\" \/><\/span><span class=\"player-name\">Daniel Mankiewicz<\/span><\/a><\/td><td class=\"data-yellowcards\" data-label=\"\u017b\u00f3\u0142ta kartka\">2<\/td><td class=\"data-redcards\" data-label=\"Czerwona kartka\">1<\/td><\/tr><tr class=\"odd\"><td class=\"data-rank\" data-label=\"#\">3<\/td><td class=\"data-name has-photo\" data-label=\"Zawodnik\"><a href=\"https:\/\/www.wiaralecha.pl\/index.php\/player\/krzysztof-szenfeld\/\"><span class=\"player-photo\"><img loading=\"lazy\" decoding=\"async\" width=\"40\" height=\"40\" src=\"https:\/\/www.wiaralecha.pl\/wp-content\/uploads\/2024\/09\/K_Szenfeld-40x40.png\" class=\"attachment-alchemists_player-xxs size-alchemists_player-xxs wp-post-image\" alt=\"\" \/><\/span><span class=\"player-name\">Krzysztof Szenfeld<\/span><\/a><\/td><td class=\"data-yellowcards\" data-label=\"\u017b\u00f3\u0142ta kartka\">1<\/td><td class=\"data-redcards\" data-label=\"Czerwona kartka\">0<\/td><\/tr><\/tbody><\/table><\/div><\/div><\/div><\/div>\n\n\n<div class=\"sportspress\"><div class=\"card card--has-table\"><header class=\"card__header\"><h4 class=\"sp-table-caption\">Mecze\/minuty<\/h4><\/header><div class=\"card__content sp-template sp-template-player-list\"><div class=\"table-responsive sp-table-wrapper\"><table class=\"table table--lg team-roster-table sp-player-list sp-data-table sp-sortable-table sp-responsive-table playerlist_69eb7117265bc sp-scrollable-table sp-paginated-table\" data-sp-rows=\"40\"><thead><tr><th class=\"data-rank\">Rank<\/th><th class=\"data-name\">Zawodnik<\/th><th class=\"data-appearances\">Mecze<\/th><th class=\"data-min\"><i class=\"sp-icon-time\" title=\"MIN\" style=\"color:#111111 !important\"><\/i> <\/th><\/tr><\/thead><tbody><tr class=\"odd\"><td class=\"data-rank\" data-label=\"#\">1<\/td><td class=\"data-name has-photo\" data-label=\"Zawodnik\"><a href=\"https:\/\/www.wiaralecha.pl\/index.php\/player\/krzysztof-szenfeld\/\"><span class=\"player-photo\"><img loading=\"lazy\" decoding=\"async\" width=\"40\" height=\"40\" src=\"https:\/\/www.wiaralecha.pl\/wp-content\/uploads\/2024\/09\/K_Szenfeld-40x40.png\" class=\"attachment-alchemists_player-xxs size-alchemists_player-xxs wp-post-image\" alt=\"\" \/><\/span><span class=\"player-name\">Krzysztof Szenfeld<\/span><\/a><\/td><td class=\"data-appearances\" data-label=\"Mecze\">21<\/td><td class=\"data-min\" data-label=\"MIN\">1415<\/td><\/tr><tr class=\"even\"><td class=\"data-rank\" data-label=\"#\">2<\/td><td class=\"data-name has-photo\" data-label=\"Zawodnik\"><a href=\"https:\/\/www.wiaralecha.pl\/index.php\/player\/daniel-mankiewicz\/\"><span class=\"player-photo\"><img loading=\"lazy\" decoding=\"async\" width=\"40\" height=\"40\" src=\"https:\/\/www.wiaralecha.pl\/wp-content\/uploads\/2025\/10\/Daniel_Mankiewicz-40x40.png\" class=\"attachment-alchemists_player-xxs size-alchemists_player-xxs wp-post-image\" alt=\"\" \/><\/span><span class=\"player-name\">Daniel Mankiewicz<\/span><\/a><\/td><td class=\"data-appearances\" data-label=\"Mecze\">22<\/td><td class=\"data-min\" data-label=\"MIN\">869<\/td><\/tr><tr class=\"odd\"><td class=\"data-rank\" data-label=\"#\">3<\/td><td class=\"data-name has-photo\" data-label=\"Zawodnik\"><a href=\"https:\/\/www.wiaralecha.pl\/index.php\/player\/dawid-czerniejewicz\/\"><span class=\"player-photo\"><img loading=\"lazy\" decoding=\"async\" width=\"40\" height=\"40\" src=\"https:\/\/www.wiaralecha.pl\/wp-content\/uploads\/2024\/11\/D_Czerniejewicz-40x40.png\" class=\"attachment-alchemists_player-xxs size-alchemists_player-xxs wp-post-image\" alt=\"\" \/><\/span><span class=\"player-name\">Dawid Czerniejewicz<\/span><\/a><\/td><td class=\"data-appearances\" data-label=\"Mecze\">8<\/td><td class=\"data-min\" data-label=\"MIN\">521<\/td><\/tr><\/tbody><\/table><\/div><\/div><\/div><\/div>\n","protected":false},"excerpt":{"rendered":"StrzelcyRankZawodnik 1Daniel Mankiewicz12Krzysztof Szenfeld13Dawid Czerniejewicz1 AsystenciRankZawodnik 1Dawid Czerniejewicz32Daniel Mankiewicz13Krzysztof Szenfeld1 KartkiRankZawodnik 1Dawid Czerniejewicz312Daniel Mankiewicz213Krzysztof Szenfeld10 Mecze\/minutyRankZawodnikMecze 1Krzysztof Szenfeld2114152Daniel Mankiewicz228693Dawid Czerniejewicz8521","protected":false},"author":2,"featured_media":0,"parent":0,"menu_order":0,"comment_status":"closed","ping_status":"closed","template":"","meta":{"_acf_changed":false,"footnotes":""},"class_list":["post-1918","page","type-page","status-publish","hentry"],"acf":[],"jetpack_sharing_enabled":true,"_links":{"self":[{"href":"https:\/\/www.wiaralecha.pl\/index.php\/wp-json\/wp\/v2\/pages\/1918","targetHints":{"allow":["GET"]}}],"collection":[{"href":"https:\/\/www.wiaralecha.pl\/index.php\/wp-json\/wp\/v2\/pages"}],"about":[{"href":"https:\/\/www.wiaralecha.pl\/index.php\/wp-json\/wp\/v2\/types\/page"}],"author":[{"embeddable":true,"href":"https:\/\/www.wiaralecha.pl\/index.php\/wp-json\/wp\/v2\/users\/2"}],"replies":[{"embeddable":true,"href":"https:\/\/www.wiaralecha.pl\/index.php\/wp-json\/wp\/v2\/comments?post=1918"}],"version-history":[{"count":1,"href":"https:\/\/www.wiaralecha.pl\/index.php\/wp-json\/wp\/v2\/pages\/1918\/revisions"}],"predecessor-version":[{"id":1919,"href":"https:\/\/www.wiaralecha.pl\/index.php\/wp-json\/wp\/v2\/pages\/1918\/revisions\/1919"}],"wp:attachment":[{"href":"https:\/\/www.wiaralecha.pl\/index.php\/wp-json\/wp\/v2\/media?parent=1918"}],"curies":[{"name":"wp","href":"https:\/\/api.w.org\/{rel}","templated":true}]}}