{"id":7891,"date":"2022-07-08T10:36:36","date_gmt":"2022-07-08T08:36:36","guid":{"rendered":"https:\/\/www.wiaralecha.pl\/?page_id=7891"},"modified":"2022-07-08T10:36:37","modified_gmt":"2022-07-08T08:36:37","slug":"statystyki-sezon-2022-2023","status":"publish","type":"page","link":"https:\/\/www.wiaralecha.pl\/index.php\/statystyki-sezon-2022-2023\/","title":{"rendered":"Statystyki &#8211; Sezon 2022\/2023"},"content":{"rendered":"<div class=\"sportspress\"><div class=\"card card--has-table\"><header class=\"card__header\"><h4 class=\"sp-table-caption\">Strzelcy<\/h4><\/header><div class=\"card__content sp-template sp-template-player-list\"><div class=\"table-responsive sp-table-wrapper\"><table class=\"table table--lg team-roster-table sp-player-list sp-data-table sp-sortable-table sp-responsive-table playerlist_6a0309a2e0dca sp-scrollable-table sp-paginated-table\" data-sp-rows=\"40\"><thead><tr><th class=\"data-rank\">Rank<\/th><th class=\"data-name\">Zawodnik<\/th><th class=\"data-goals\"><i class=\"sp-icon-soccerball\" title=\"Bramka\" style=\"color:#222222 !important\"><\/i> <\/th><\/tr><\/thead><tbody><tr class=\"odd\"><td class=\"data-rank\" data-label=\"#\">1<\/td><td class=\"data-name has-photo\" data-label=\"Zawodnik\"><a href=\"https:\/\/www.wiaralecha.pl\/index.php\/player\/michal-niedzwiedzki\/\"><span class=\"player-photo\"><img loading=\"lazy\" decoding=\"async\" width=\"40\" height=\"40\" src=\"https:\/\/www.wiaralecha.pl\/wp-content\/uploads\/2025\/10\/Michal_Niedzwiedzki-40x40.png\" class=\"attachment-alchemists_player-xxs size-alchemists_player-xxs wp-post-image\" alt=\"\" \/><\/span><span class=\"player-name\">Micha\u0142 Nied\u017awiedzki<\/span><\/a><\/td><td class=\"data-goals\" data-label=\"Bramka\">21<\/td><\/tr><tr class=\"even\"><td class=\"data-rank\" data-label=\"#\">2<\/td><td class=\"data-name has-photo\" data-label=\"Zawodnik\"><a href=\"https:\/\/www.wiaralecha.pl\/index.php\/player\/daniel-mankiewicz\/\"><span class=\"player-photo\"><img loading=\"lazy\" decoding=\"async\" width=\"40\" height=\"40\" src=\"https:\/\/www.wiaralecha.pl\/wp-content\/uploads\/2025\/10\/Daniel_Mankiewicz-40x40.png\" class=\"attachment-alchemists_player-xxs size-alchemists_player-xxs wp-post-image\" alt=\"\" \/><\/span><span class=\"player-name\">Daniel Mankiewicz<\/span><\/a><\/td><td class=\"data-goals\" data-label=\"Bramka\">5<\/td><\/tr><tr class=\"odd\"><td class=\"data-rank\" data-label=\"#\">3<\/td><td class=\"data-name has-photo\" data-label=\"Zawodnik\"><a href=\"https:\/\/www.wiaralecha.pl\/index.php\/player\/mikolaj-hudziak\/\"><span class=\"player-photo\"><img loading=\"lazy\" decoding=\"async\" width=\"40\" height=\"40\" src=\"https:\/\/www.wiaralecha.pl\/wp-content\/uploads\/2025\/10\/Mikolaj_Hudziak-40x40.png\" class=\"attachment-alchemists_player-xxs size-alchemists_player-xxs wp-post-image\" alt=\"\" \/><\/span><span class=\"player-name\">Miko\u0142aj Hudziak<\/span><\/a><\/td><td class=\"data-goals\" data-label=\"Bramka\">3<\/td><\/tr><tr class=\"even\"><td class=\"data-rank\" data-label=\"#\">4<\/td><td class=\"data-name has-photo\" data-label=\"Zawodnik\"><a href=\"https:\/\/www.wiaralecha.pl\/index.php\/player\/kuba-kalzynski\/\"><span class=\"player-photo\"><img loading=\"lazy\" decoding=\"async\" width=\"40\" height=\"40\" src=\"https:\/\/www.wiaralecha.pl\/wp-content\/uploads\/2025\/10\/Kuba_Kalzynski-40x40.png\" class=\"attachment-alchemists_player-xxs size-alchemists_player-xxs wp-post-image\" alt=\"\" \/><\/span><span class=\"player-name\">Kuba Ka\u0142\u017cy\u0144ski<\/span><\/a><\/td><td class=\"data-goals\" data-label=\"Bramka\">1<\/td><\/tr><tr class=\"odd\"><td class=\"data-rank\" data-label=\"#\">5<\/td><td class=\"data-name has-photo\" data-label=\"Zawodnik\"><a href=\"https:\/\/www.wiaralecha.pl\/index.php\/player\/dawid-czerniejewicz\/\"><span class=\"player-photo\"><img loading=\"lazy\" decoding=\"async\" width=\"40\" height=\"40\" src=\"https:\/\/www.wiaralecha.pl\/wp-content\/uploads\/2024\/11\/D_Czerniejewicz-40x40.png\" class=\"attachment-alchemists_player-xxs size-alchemists_player-xxs wp-post-image\" alt=\"\" \/><\/span><span class=\"player-name\">Dawid Czerniejewicz<\/span><\/a><\/td><td class=\"data-goals\" data-label=\"Bramka\">1<\/td><\/tr><\/tbody><\/table><\/div><\/div><\/div><\/div>\n\n\n<div class=\"sportspress\"><div class=\"card card--has-table\"><header class=\"card__header\"><h4 class=\"sp-table-caption\">Asystenci<\/h4><\/header><div class=\"card__content sp-template sp-template-player-list\"><div class=\"table-responsive sp-table-wrapper\"><table class=\"table table--lg team-roster-table sp-player-list sp-data-table sp-sortable-table sp-responsive-table playerlist_6a0309a2e7f92 sp-scrollable-table sp-paginated-table\" data-sp-rows=\"40\"><thead><tr><th class=\"data-rank\">Rank<\/th><th class=\"data-name\">Zawodnik<\/th><th class=\"data-assists\"><i class=\"sp-icon-shoe\" title=\"asysty\" style=\"color:#222222 !important\"><\/i> <\/th><\/tr><\/thead><tbody><tr class=\"odd\"><td class=\"data-rank\" data-label=\"#\">1<\/td><td class=\"data-name has-photo\" data-label=\"Zawodnik\"><a href=\"https:\/\/www.wiaralecha.pl\/index.php\/player\/michal-niedzwiedzki\/\"><span class=\"player-photo\"><img loading=\"lazy\" decoding=\"async\" width=\"40\" height=\"40\" src=\"https:\/\/www.wiaralecha.pl\/wp-content\/uploads\/2025\/10\/Michal_Niedzwiedzki-40x40.png\" class=\"attachment-alchemists_player-xxs size-alchemists_player-xxs wp-post-image\" alt=\"\" \/><\/span><span class=\"player-name\">Micha\u0142 Nied\u017awiedzki<\/span><\/a><\/td><td class=\"data-assists\" data-label=\"asysty\">8<\/td><\/tr><tr class=\"even\"><td class=\"data-rank\" data-label=\"#\">2<\/td><td class=\"data-name has-photo\" data-label=\"Zawodnik\"><a href=\"https:\/\/www.wiaralecha.pl\/index.php\/player\/mikolaj-hudziak\/\"><span class=\"player-photo\"><img loading=\"lazy\" decoding=\"async\" width=\"40\" height=\"40\" src=\"https:\/\/www.wiaralecha.pl\/wp-content\/uploads\/2025\/10\/Mikolaj_Hudziak-40x40.png\" class=\"attachment-alchemists_player-xxs size-alchemists_player-xxs wp-post-image\" alt=\"\" \/><\/span><span class=\"player-name\">Miko\u0142aj Hudziak<\/span><\/a><\/td><td class=\"data-assists\" data-label=\"asysty\">6<\/td><\/tr><tr class=\"odd\"><td class=\"data-rank\" data-label=\"#\">3<\/td><td class=\"data-name has-photo\" data-label=\"Zawodnik\"><a href=\"https:\/\/www.wiaralecha.pl\/index.php\/player\/daniel-mankiewicz\/\"><span class=\"player-photo\"><img loading=\"lazy\" decoding=\"async\" width=\"40\" height=\"40\" src=\"https:\/\/www.wiaralecha.pl\/wp-content\/uploads\/2025\/10\/Daniel_Mankiewicz-40x40.png\" class=\"attachment-alchemists_player-xxs size-alchemists_player-xxs wp-post-image\" alt=\"\" \/><\/span><span class=\"player-name\">Daniel Mankiewicz<\/span><\/a><\/td><td class=\"data-assists\" data-label=\"asysty\">3<\/td><\/tr><tr class=\"even\"><td class=\"data-rank\" data-label=\"#\">4<\/td><td class=\"data-name has-photo\" data-label=\"Zawodnik\"><a href=\"https:\/\/www.wiaralecha.pl\/index.php\/player\/dawid-czerniejewicz\/\"><span class=\"player-photo\"><img loading=\"lazy\" decoding=\"async\" width=\"40\" height=\"40\" src=\"https:\/\/www.wiaralecha.pl\/wp-content\/uploads\/2024\/11\/D_Czerniejewicz-40x40.png\" class=\"attachment-alchemists_player-xxs size-alchemists_player-xxs wp-post-image\" alt=\"\" \/><\/span><span class=\"player-name\">Dawid Czerniejewicz<\/span><\/a><\/td><td class=\"data-assists\" data-label=\"asysty\">1<\/td><\/tr><\/tbody><\/table><\/div><\/div><\/div><\/div>\n\n\n<div class=\"sportspress\"><div class=\"card card--has-table\"><header class=\"card__header\"><h4 class=\"sp-table-caption\">Kartki<\/h4><\/header><div class=\"card__content sp-template sp-template-player-list\"><div class=\"table-responsive sp-table-wrapper\"><table class=\"table table--lg team-roster-table sp-player-list sp-data-table sp-sortable-table sp-responsive-table playerlist_6a0309a2ed33d sp-scrollable-table sp-paginated-table\" data-sp-rows=\"40\"><thead><tr><th class=\"data-rank\">Rank<\/th><th class=\"data-name\">Zawodnik<\/th><th class=\"data-yellowcards\"><i class=\"sp-icon-card\" title=\"\u017b\u00f3\u0142ta kartka\" style=\"color:#f4d014 !important\"><\/i> <\/th><th class=\"data-redcards\"><i class=\"sp-icon-card\" title=\"Czerwona kartka\" style=\"color:#d4000f !important\"><\/i> <\/th><\/tr><\/thead><tbody><tr class=\"odd\"><td class=\"data-rank\" data-label=\"#\">1<\/td><td class=\"data-name has-photo\" data-label=\"Zawodnik\"><a href=\"https:\/\/www.wiaralecha.pl\/index.php\/player\/michal-niedzwiedzki\/\"><span class=\"player-photo\"><img loading=\"lazy\" decoding=\"async\" width=\"40\" height=\"40\" src=\"https:\/\/www.wiaralecha.pl\/wp-content\/uploads\/2025\/10\/Michal_Niedzwiedzki-40x40.png\" class=\"attachment-alchemists_player-xxs size-alchemists_player-xxs wp-post-image\" alt=\"\" \/><\/span><span class=\"player-name\">Micha\u0142 Nied\u017awiedzki<\/span><\/a><\/td><td class=\"data-yellowcards\" data-label=\"\u017b\u00f3\u0142ta kartka\">8<\/td><td class=\"data-redcards\" data-label=\"Czerwona kartka\">0<\/td><\/tr><tr class=\"even\"><td class=\"data-rank\" data-label=\"#\">2<\/td><td class=\"data-name has-photo\" data-label=\"Zawodnik\"><a href=\"https:\/\/www.wiaralecha.pl\/index.php\/player\/dawid-czerniejewicz\/\"><span class=\"player-photo\"><img loading=\"lazy\" decoding=\"async\" width=\"40\" height=\"40\" src=\"https:\/\/www.wiaralecha.pl\/wp-content\/uploads\/2024\/11\/D_Czerniejewicz-40x40.png\" class=\"attachment-alchemists_player-xxs size-alchemists_player-xxs wp-post-image\" alt=\"\" \/><\/span><span class=\"player-name\">Dawid Czerniejewicz<\/span><\/a><\/td><td class=\"data-yellowcards\" data-label=\"\u017b\u00f3\u0142ta kartka\">8<\/td><td class=\"data-redcards\" data-label=\"Czerwona kartka\">0<\/td><\/tr><tr class=\"odd\"><td class=\"data-rank\" data-label=\"#\">3<\/td><td class=\"data-name has-photo\" data-label=\"Zawodnik\"><a href=\"https:\/\/www.wiaralecha.pl\/index.php\/player\/daniel-mankiewicz\/\"><span class=\"player-photo\"><img loading=\"lazy\" decoding=\"async\" width=\"40\" height=\"40\" src=\"https:\/\/www.wiaralecha.pl\/wp-content\/uploads\/2025\/10\/Daniel_Mankiewicz-40x40.png\" class=\"attachment-alchemists_player-xxs size-alchemists_player-xxs wp-post-image\" alt=\"\" \/><\/span><span class=\"player-name\">Daniel Mankiewicz<\/span><\/a><\/td><td class=\"data-yellowcards\" data-label=\"\u017b\u00f3\u0142ta kartka\">2<\/td><td class=\"data-redcards\" data-label=\"Czerwona kartka\">0<\/td><\/tr><tr class=\"even\"><td class=\"data-rank\" data-label=\"#\">4<\/td><td class=\"data-name has-photo\" data-label=\"Zawodnik\"><a href=\"https:\/\/www.wiaralecha.pl\/index.php\/player\/lukasz-szuminski\/\"><span class=\"player-photo\"><img loading=\"lazy\" decoding=\"async\" width=\"40\" height=\"40\" src=\"https:\/\/www.wiaralecha.pl\/wp-content\/uploads\/2025\/10\/Lukasz_Szuminski-40x40.png\" class=\"attachment-alchemists_player-xxs size-alchemists_player-xxs wp-post-image\" alt=\"\" \/><\/span><span class=\"player-name\">\u0141ukasz Szumi\u0144ski<\/span><\/a><\/td><td class=\"data-yellowcards\" data-label=\"\u017b\u00f3\u0142ta kartka\">2<\/td><td class=\"data-redcards\" data-label=\"Czerwona kartka\">0<\/td><\/tr><tr class=\"odd\"><td class=\"data-rank\" data-label=\"#\">5<\/td><td class=\"data-name has-photo\" data-label=\"Zawodnik\"><a href=\"https:\/\/www.wiaralecha.pl\/index.php\/player\/jakub-mackowiak\/\"><span class=\"player-photo\"><img loading=\"lazy\" decoding=\"async\" width=\"40\" height=\"40\" src=\"https:\/\/www.wiaralecha.pl\/wp-content\/uploads\/2025\/10\/Jakub_Mackowiak-40x40.png\" class=\"attachment-alchemists_player-xxs size-alchemists_player-xxs wp-post-image\" alt=\"\" \/><\/span><span class=\"player-name\">Jakub Ma\u0107kowiak<\/span><\/a><\/td><td class=\"data-yellowcards\" data-label=\"\u017b\u00f3\u0142ta kartka\">1<\/td><td class=\"data-redcards\" data-label=\"Czerwona kartka\">0<\/td><\/tr><tr class=\"even\"><td class=\"data-rank\" data-label=\"#\">6<\/td><td class=\"data-name has-photo\" data-label=\"Zawodnik\"><a href=\"https:\/\/www.wiaralecha.pl\/index.php\/player\/mikolaj-nawrowski\/\"><span class=\"player-photo\"><img loading=\"lazy\" decoding=\"async\" width=\"40\" height=\"40\" src=\"https:\/\/www.wiaralecha.pl\/wp-content\/uploads\/2025\/10\/Mikolaj_Nawrowski-40x40.png\" class=\"attachment-alchemists_player-xxs size-alchemists_player-xxs wp-post-image\" alt=\"\" \/><\/span><span class=\"player-name\">Miko\u0142aj Nawrowski<\/span><\/a><\/td><td class=\"data-yellowcards\" data-label=\"\u017b\u00f3\u0142ta kartka\">1<\/td><td class=\"data-redcards\" data-label=\"Czerwona kartka\">0<\/td><\/tr><tr class=\"odd\"><td class=\"data-rank\" data-label=\"#\">7<\/td><td class=\"data-name has-photo\" data-label=\"Zawodnik\"><a href=\"https:\/\/www.wiaralecha.pl\/index.php\/player\/mikolaj-hudziak\/\"><span class=\"player-photo\"><img loading=\"lazy\" decoding=\"async\" width=\"40\" height=\"40\" src=\"https:\/\/www.wiaralecha.pl\/wp-content\/uploads\/2025\/10\/Mikolaj_Hudziak-40x40.png\" class=\"attachment-alchemists_player-xxs size-alchemists_player-xxs wp-post-image\" alt=\"\" \/><\/span><span class=\"player-name\">Miko\u0142aj Hudziak<\/span><\/a><\/td><td class=\"data-yellowcards\" data-label=\"\u017b\u00f3\u0142ta kartka\">0<\/td><td class=\"data-redcards\" data-label=\"Czerwona kartka\">0<\/td><\/tr><tr class=\"even\"><td class=\"data-rank\" data-label=\"#\">8<\/td><td class=\"data-name has-photo\" data-label=\"Zawodnik\"><a href=\"https:\/\/www.wiaralecha.pl\/index.php\/player\/kuba-kalzynski\/\"><span class=\"player-photo\"><img loading=\"lazy\" decoding=\"async\" width=\"40\" height=\"40\" src=\"https:\/\/www.wiaralecha.pl\/wp-content\/uploads\/2025\/10\/Kuba_Kalzynski-40x40.png\" class=\"attachment-alchemists_player-xxs size-alchemists_player-xxs wp-post-image\" alt=\"\" \/><\/span><span class=\"player-name\">Kuba Ka\u0142\u017cy\u0144ski<\/span><\/a><\/td><td class=\"data-yellowcards\" data-label=\"\u017b\u00f3\u0142ta kartka\">0<\/td><td class=\"data-redcards\" data-label=\"Czerwona kartka\">0<\/td><\/tr><tr class=\"odd\"><td class=\"data-rank\" data-label=\"#\">9<\/td><td class=\"data-name has-photo\" data-label=\"Zawodnik\"><a href=\"https:\/\/www.wiaralecha.pl\/index.php\/player\/mateusz-kolasa\/\"><span class=\"player-photo\"><img loading=\"lazy\" decoding=\"async\" width=\"40\" height=\"40\" src=\"https:\/\/www.wiaralecha.pl\/wp-content\/uploads\/2025\/10\/Mateusz_Kolasa-40x40.png\" class=\"attachment-alchemists_player-xxs size-alchemists_player-xxs wp-post-image\" alt=\"\" \/><\/span><span class=\"player-name\">Mateusz Kolasa<\/span><\/a><\/td><td class=\"data-yellowcards\" data-label=\"\u017b\u00f3\u0142ta kartka\">0<\/td><td class=\"data-redcards\" data-label=\"Czerwona kartka\">0<\/td><\/tr><tr class=\"even\"><td class=\"data-rank\" data-label=\"#\">10<\/td><td class=\"data-name has-photo\" data-label=\"Zawodnik\"><a href=\"https:\/\/www.wiaralecha.pl\/index.php\/player\/krzysztof-szenfeld\/\"><span class=\"player-photo\"><img loading=\"lazy\" decoding=\"async\" width=\"40\" height=\"40\" src=\"https:\/\/www.wiaralecha.pl\/wp-content\/uploads\/2024\/09\/K_Szenfeld-40x40.png\" class=\"attachment-alchemists_player-xxs size-alchemists_player-xxs wp-post-image\" alt=\"\" \/><\/span><span class=\"player-name\">Krzysztof Szenfeld<\/span><\/a><\/td><td class=\"data-yellowcards\" data-label=\"\u017b\u00f3\u0142ta kartka\">0<\/td><td class=\"data-redcards\" data-label=\"Czerwona kartka\">0<\/td><\/tr><\/tbody><\/table><\/div><\/div><\/div><\/div>\n\n\n<div class=\"sportspress\"><div class=\"card card--has-table\"><header class=\"card__header\"><h4 class=\"sp-table-caption\">Mecze\/minuty<\/h4><\/header><div class=\"card__content sp-template sp-template-player-list\"><div class=\"table-responsive sp-table-wrapper\"><table class=\"table table--lg team-roster-table sp-player-list sp-data-table sp-sortable-table sp-responsive-table playerlist_6a0309a300540 sp-scrollable-table sp-paginated-table\" data-sp-rows=\"40\"><thead><tr><th class=\"data-rank\">Rank<\/th><th class=\"data-name\">Zawodnik<\/th><th class=\"data-appearances\">Mecze<\/th><th class=\"data-min\"><i class=\"sp-icon-time\" title=\"MIN\" style=\"color:#111111 !important\"><\/i> <\/th><\/tr><\/thead><tbody><tr class=\"odd\"><td class=\"data-rank\" data-label=\"#\">1<\/td><td class=\"data-name has-photo\" data-label=\"Zawodnik\"><a href=\"https:\/\/www.wiaralecha.pl\/index.php\/player\/mikolaj-nawrowski\/\"><span class=\"player-photo\"><img loading=\"lazy\" decoding=\"async\" width=\"40\" height=\"40\" src=\"https:\/\/www.wiaralecha.pl\/wp-content\/uploads\/2025\/10\/Mikolaj_Nawrowski-40x40.png\" class=\"attachment-alchemists_player-xxs size-alchemists_player-xxs wp-post-image\" alt=\"\" \/><\/span><span class=\"player-name\">Miko\u0142aj Nawrowski<\/span><\/a><\/td><td class=\"data-appearances\" data-label=\"Mecze\">27<\/td><td class=\"data-min\" data-label=\"MIN\">2340<\/td><\/tr><tr class=\"even\"><td class=\"data-rank\" data-label=\"#\">2<\/td><td class=\"data-name has-photo\" data-label=\"Zawodnik\"><a href=\"https:\/\/www.wiaralecha.pl\/index.php\/player\/michal-niedzwiedzki\/\"><span class=\"player-photo\"><img loading=\"lazy\" decoding=\"async\" width=\"40\" height=\"40\" src=\"https:\/\/www.wiaralecha.pl\/wp-content\/uploads\/2025\/10\/Michal_Niedzwiedzki-40x40.png\" class=\"attachment-alchemists_player-xxs size-alchemists_player-xxs wp-post-image\" alt=\"\" \/><\/span><span class=\"player-name\">Micha\u0142 Nied\u017awiedzki<\/span><\/a><\/td><td class=\"data-appearances\" data-label=\"Mecze\">27<\/td><td class=\"data-min\" data-label=\"MIN\">1921<\/td><\/tr><tr class=\"odd\"><td class=\"data-rank\" data-label=\"#\">3<\/td><td class=\"data-name has-photo\" data-label=\"Zawodnik\"><a href=\"https:\/\/www.wiaralecha.pl\/index.php\/player\/jakub-mackowiak\/\"><span class=\"player-photo\"><img loading=\"lazy\" decoding=\"async\" width=\"40\" height=\"40\" src=\"https:\/\/www.wiaralecha.pl\/wp-content\/uploads\/2025\/10\/Jakub_Mackowiak-40x40.png\" class=\"attachment-alchemists_player-xxs size-alchemists_player-xxs wp-post-image\" alt=\"\" \/><\/span><span class=\"player-name\">Jakub Ma\u0107kowiak<\/span><\/a><\/td><td class=\"data-appearances\" data-label=\"Mecze\">25<\/td><td class=\"data-min\" data-label=\"MIN\">1836<\/td><\/tr><tr class=\"even\"><td class=\"data-rank\" data-label=\"#\">4<\/td><td class=\"data-name has-photo\" data-label=\"Zawodnik\"><a href=\"https:\/\/www.wiaralecha.pl\/index.php\/player\/mikolaj-hudziak\/\"><span class=\"player-photo\"><img loading=\"lazy\" decoding=\"async\" width=\"40\" height=\"40\" src=\"https:\/\/www.wiaralecha.pl\/wp-content\/uploads\/2025\/10\/Mikolaj_Hudziak-40x40.png\" class=\"attachment-alchemists_player-xxs size-alchemists_player-xxs wp-post-image\" alt=\"\" \/><\/span><span class=\"player-name\">Miko\u0142aj Hudziak<\/span><\/a><\/td><td class=\"data-appearances\" data-label=\"Mecze\">24<\/td><td class=\"data-min\" data-label=\"MIN\">1446<\/td><\/tr><tr class=\"odd\"><td class=\"data-rank\" data-label=\"#\">5<\/td><td class=\"data-name has-photo\" data-label=\"Zawodnik\"><a href=\"https:\/\/www.wiaralecha.pl\/index.php\/player\/daniel-mankiewicz\/\"><span class=\"player-photo\"><img loading=\"lazy\" decoding=\"async\" width=\"40\" height=\"40\" src=\"https:\/\/www.wiaralecha.pl\/wp-content\/uploads\/2025\/10\/Daniel_Mankiewicz-40x40.png\" class=\"attachment-alchemists_player-xxs size-alchemists_player-xxs wp-post-image\" alt=\"\" \/><\/span><span class=\"player-name\">Daniel Mankiewicz<\/span><\/a><\/td><td class=\"data-appearances\" data-label=\"Mecze\">21<\/td><td class=\"data-min\" data-label=\"MIN\">1073<\/td><\/tr><tr class=\"even\"><td class=\"data-rank\" data-label=\"#\">6<\/td><td class=\"data-name has-photo\" data-label=\"Zawodnik\"><a href=\"https:\/\/www.wiaralecha.pl\/index.php\/player\/lukasz-szuminski\/\"><span class=\"player-photo\"><img loading=\"lazy\" decoding=\"async\" width=\"40\" height=\"40\" src=\"https:\/\/www.wiaralecha.pl\/wp-content\/uploads\/2025\/10\/Lukasz_Szuminski-40x40.png\" class=\"attachment-alchemists_player-xxs size-alchemists_player-xxs wp-post-image\" alt=\"\" \/><\/span><span class=\"player-name\">\u0141ukasz Szumi\u0144ski<\/span><\/a><\/td><td class=\"data-appearances\" data-label=\"Mecze\">15<\/td><td class=\"data-min\" data-label=\"MIN\">982<\/td><\/tr><tr class=\"odd\"><td class=\"data-rank\" data-label=\"#\">7<\/td><td class=\"data-name has-photo\" data-label=\"Zawodnik\"><a href=\"https:\/\/www.wiaralecha.pl\/index.php\/player\/kuba-kalzynski\/\"><span class=\"player-photo\"><img loading=\"lazy\" decoding=\"async\" width=\"40\" height=\"40\" src=\"https:\/\/www.wiaralecha.pl\/wp-content\/uploads\/2025\/10\/Kuba_Kalzynski-40x40.png\" class=\"attachment-alchemists_player-xxs size-alchemists_player-xxs wp-post-image\" alt=\"\" \/><\/span><span class=\"player-name\">Kuba Ka\u0142\u017cy\u0144ski<\/span><\/a><\/td><td class=\"data-appearances\" data-label=\"Mecze\">19<\/td><td class=\"data-min\" data-label=\"MIN\">954<\/td><\/tr><tr class=\"even\"><td class=\"data-rank\" data-label=\"#\">8<\/td><td class=\"data-name has-photo\" data-label=\"Zawodnik\"><a href=\"https:\/\/www.wiaralecha.pl\/index.php\/player\/dawid-czerniejewicz\/\"><span class=\"player-photo\"><img loading=\"lazy\" decoding=\"async\" width=\"40\" height=\"40\" src=\"https:\/\/www.wiaralecha.pl\/wp-content\/uploads\/2024\/11\/D_Czerniejewicz-40x40.png\" class=\"attachment-alchemists_player-xxs size-alchemists_player-xxs wp-post-image\" alt=\"\" \/><\/span><span class=\"player-name\">Dawid Czerniejewicz<\/span><\/a><\/td><td class=\"data-appearances\" data-label=\"Mecze\">18<\/td><td class=\"data-min\" data-label=\"MIN\">948<\/td><\/tr><tr class=\"odd\"><td class=\"data-rank\" data-label=\"#\">9<\/td><td class=\"data-name has-photo\" data-label=\"Zawodnik\"><a href=\"https:\/\/www.wiaralecha.pl\/index.php\/player\/mateusz-kolasa\/\"><span class=\"player-photo\"><img loading=\"lazy\" decoding=\"async\" width=\"40\" height=\"40\" src=\"https:\/\/www.wiaralecha.pl\/wp-content\/uploads\/2025\/10\/Mateusz_Kolasa-40x40.png\" class=\"attachment-alchemists_player-xxs size-alchemists_player-xxs wp-post-image\" alt=\"\" \/><\/span><span class=\"player-name\">Mateusz Kolasa<\/span><\/a><\/td><td class=\"data-appearances\" data-label=\"Mecze\">1<\/td><td class=\"data-min\" data-label=\"MIN\">90<\/td><\/tr><tr class=\"even\"><td class=\"data-rank\" data-label=\"#\">10<\/td><td class=\"data-name has-photo\" data-label=\"Zawodnik\"><a href=\"https:\/\/www.wiaralecha.pl\/index.php\/player\/krzysztof-szenfeld\/\"><span class=\"player-photo\"><img loading=\"lazy\" decoding=\"async\" width=\"40\" height=\"40\" src=\"https:\/\/www.wiaralecha.pl\/wp-content\/uploads\/2024\/09\/K_Szenfeld-40x40.png\" class=\"attachment-alchemists_player-xxs size-alchemists_player-xxs wp-post-image\" alt=\"\" \/><\/span><span class=\"player-name\">Krzysztof Szenfeld<\/span><\/a><\/td><td class=\"data-appearances\" data-label=\"Mecze\">1<\/td><td class=\"data-min\" data-label=\"MIN\">10<\/td><\/tr><\/tbody><\/table><\/div><\/div><\/div><\/div>\n","protected":false},"excerpt":{"rendered":"StrzelcyRankZawodnik 1Micha\u0142 Nied\u017awiedzki212Daniel Mankiewicz53Miko\u0142aj Hudziak34Kuba Ka\u0142\u017cy\u0144ski15Dawid Czerniejewicz1 AsystenciRankZawodnik 1Micha\u0142 Nied\u017awiedzki82Miko\u0142aj Hudziak63Daniel Mankiewicz34Dawid Czerniejewicz1 KartkiRankZawodnik 1Micha\u0142 Nied\u017awiedzki802Dawid Czerniejewicz803Daniel Mankiewicz204\u0141ukasz Szumi\u0144ski205Jakub Ma\u0107kowiak106Miko\u0142aj Nawrowski107Miko\u0142aj Hudziak008Kuba Ka\u0142\u017cy\u0144ski009Mateusz Kolasa0010Krzysztof Szenfeld00 Mecze\/minutyRankZawodnikMecze 1Miko\u0142aj Nawrowski2723402Micha\u0142 Nied\u017awiedzki2719213Jakub Ma\u0107kowiak2518364Miko\u0142aj Hudziak2414465Daniel Mankiewicz2110736\u0141ukasz Szumi\u0144ski159827Kuba Ka\u0142\u017cy\u0144ski199548Dawid Czerniejewicz189489Mateusz Kolasa19010Krzysztof Szenfeld110","protected":false},"author":2,"featured_media":0,"parent":0,"menu_order":0,"comment_status":"closed","ping_status":"closed","template":"","meta":{"_acf_changed":false,"footnotes":""},"class_list":["post-7891","page","type-page","status-publish","hentry"],"acf":[],"jetpack_sharing_enabled":true,"_links":{"self":[{"href":"https:\/\/www.wiaralecha.pl\/index.php\/wp-json\/wp\/v2\/pages\/7891","targetHints":{"allow":["GET"]}}],"collection":[{"href":"https:\/\/www.wiaralecha.pl\/index.php\/wp-json\/wp\/v2\/pages"}],"about":[{"href":"https:\/\/www.wiaralecha.pl\/index.php\/wp-json\/wp\/v2\/types\/page"}],"author":[{"embeddable":true,"href":"https:\/\/www.wiaralecha.pl\/index.php\/wp-json\/wp\/v2\/users\/2"}],"replies":[{"embeddable":true,"href":"https:\/\/www.wiaralecha.pl\/index.php\/wp-json\/wp\/v2\/comments?post=7891"}],"version-history":[{"count":1,"href":"https:\/\/www.wiaralecha.pl\/index.php\/wp-json\/wp\/v2\/pages\/7891\/revisions"}],"predecessor-version":[{"id":7892,"href":"https:\/\/www.wiaralecha.pl\/index.php\/wp-json\/wp\/v2\/pages\/7891\/revisions\/7892"}],"wp:attachment":[{"href":"https:\/\/www.wiaralecha.pl\/index.php\/wp-json\/wp\/v2\/media?parent=7891"}],"curies":[{"name":"wp","href":"https:\/\/api.w.org\/{rel}","templated":true}]}}