{"id":7893,"date":"2022-07-08T10:38:34","date_gmt":"2022-07-08T08:38:34","guid":{"rendered":"https:\/\/www.wiaralecha.pl\/?page_id=7893"},"modified":"2022-10-30T22:21:45","modified_gmt":"2022-10-30T21:21:45","slug":"statystyki-sekcji-futsalu-sezon-2022-2023","status":"publish","type":"page","link":"https:\/\/www.wiaralecha.pl\/index.php\/statystyki-sekcji-futsalu-sezon-2022-2023\/","title":{"rendered":"Statystyki Sekcji Futsalu &#8211; Sezon 2022\/2023"},"content":{"rendered":"<div class=\"sportspress\"><div class=\"card card--has-table\"><header class=\"card__header\"><h4 class=\"sp-table-caption\">Strzelcy<\/h4><\/header><div class=\"card__content sp-template sp-template-player-list\"><div class=\"table-responsive sp-table-wrapper\"><table class=\"table table--lg team-roster-table sp-player-list sp-data-table sp-sortable-table sp-responsive-table playerlist_69eaab054fa7d sp-scrollable-table sp-paginated-table\" data-sp-rows=\"40\"><thead><tr><th class=\"data-rank\">Rank<\/th><th class=\"data-name\">Zawodnik<\/th><th class=\"data-goals\"><i class=\"sp-icon-soccerball\" title=\"Bramka\" style=\"color:#222222 !important\"><\/i> <\/th><\/tr><\/thead><tbody><tr class=\"odd\"><td class=\"data-rank\" data-label=\"#\">1<\/td><td class=\"data-name has-photo\" data-label=\"Zawodnik\"><a href=\"https:\/\/www.wiaralecha.pl\/index.php\/player\/michal-niedzwiedzki\/\"><span class=\"player-photo\"><img loading=\"lazy\" decoding=\"async\" width=\"40\" height=\"40\" src=\"https:\/\/www.wiaralecha.pl\/wp-content\/uploads\/2025\/10\/Michal_Niedzwiedzki-40x40.png\" class=\"attachment-alchemists_player-xxs size-alchemists_player-xxs wp-post-image\" alt=\"\" \/><\/span><span class=\"player-name\">Micha\u0142 Nied\u017awiedzki<\/span><\/a><\/td><td class=\"data-goals\" data-label=\"Bramka\">10<\/td><\/tr><\/tbody><\/table><\/div><\/div><\/div><\/div>\n\n\n<div class=\"sportspress\"><div class=\"card card--has-table\"><header class=\"card__header\"><h4 class=\"sp-table-caption\">Asysty<\/h4><\/header><div class=\"card__content sp-template sp-template-player-list\"><div class=\"table-responsive sp-table-wrapper\"><table class=\"table table--lg team-roster-table sp-player-list sp-data-table sp-sortable-table sp-responsive-table playerlist_69eaab055330b sp-scrollable-table sp-paginated-table\" data-sp-rows=\"40\"><thead><tr><th class=\"data-rank\">Rank<\/th><th class=\"data-name\">Zawodnik<\/th><th class=\"data-assists\"><i class=\"sp-icon-shoe\" title=\"asysty\" style=\"color:#222222 !important\"><\/i> <\/th><\/tr><\/thead><tbody><tr class=\"odd\"><td class=\"data-rank\" data-label=\"#\">1<\/td><td class=\"data-name has-photo\" data-label=\"Zawodnik\"><a href=\"https:\/\/www.wiaralecha.pl\/index.php\/player\/michal-niedzwiedzki\/\"><span class=\"player-photo\"><img loading=\"lazy\" decoding=\"async\" width=\"40\" height=\"40\" src=\"https:\/\/www.wiaralecha.pl\/wp-content\/uploads\/2025\/10\/Michal_Niedzwiedzki-40x40.png\" class=\"attachment-alchemists_player-xxs size-alchemists_player-xxs wp-post-image\" alt=\"\" \/><\/span><span class=\"player-name\">Micha\u0142 Nied\u017awiedzki<\/span><\/a><\/td><td class=\"data-assists\" data-label=\"asysty\">6<\/td><\/tr><\/tbody><\/table><\/div><\/div><\/div><\/div>\n\n\n<div class=\"sportspress\"><div class=\"card card--has-table\"><header class=\"card__header\"><h4 class=\"sp-table-caption\">Mecze<\/h4><\/header><div class=\"card__content sp-template sp-template-player-list\"><div class=\"table-responsive sp-table-wrapper\"><table class=\"table table--lg team-roster-table sp-player-list sp-data-table sp-sortable-table sp-responsive-table playerlist_69eaab05561c8 sp-scrollable-table sp-paginated-table\" data-sp-rows=\"40\"><thead><tr><th class=\"data-rank\">Rank<\/th><th class=\"data-name\">Zawodnik<\/th><th class=\"data-appearances\">Mecze<\/th><\/tr><\/thead><tbody><tr class=\"odd\"><td class=\"data-rank\" data-label=\"#\">1<\/td><td class=\"data-name has-photo\" data-label=\"Zawodnik\"><a href=\"https:\/\/www.wiaralecha.pl\/index.php\/player\/michal-niedzwiedzki\/\"><span class=\"player-photo\"><img loading=\"lazy\" decoding=\"async\" width=\"40\" height=\"40\" src=\"https:\/\/www.wiaralecha.pl\/wp-content\/uploads\/2025\/10\/Michal_Niedzwiedzki-40x40.png\" class=\"attachment-alchemists_player-xxs size-alchemists_player-xxs wp-post-image\" alt=\"\" \/><\/span><span class=\"player-name\">Micha\u0142 Nied\u017awiedzki<\/span><\/a><\/td><td class=\"data-appearances\" data-label=\"Mecze\">6<\/td><\/tr><\/tbody><\/table><\/div><\/div><\/div><\/div>\n\n\n<div class=\"sportspress\"><div class=\"card card--has-table\"><header class=\"card__header\"><h4 class=\"sp-table-caption\">Kartki<\/h4><\/header><div class=\"card__content sp-template sp-template-player-list\"><div class=\"table-responsive sp-table-wrapper\"><table class=\"table table--lg team-roster-table sp-player-list sp-data-table sp-sortable-table sp-responsive-table playerlist_69eaab0558f74 sp-scrollable-table sp-paginated-table\" data-sp-rows=\"40\"><thead><tr><th class=\"data-rank\">Rank<\/th><th class=\"data-name\">Zawodnik<\/th><th class=\"data-yellowcards\"><i class=\"sp-icon-card\" title=\"\u017b\u00f3\u0142ta kartka\" style=\"color:#f4d014 !important\"><\/i> <\/th><th class=\"data-redcards\"><i class=\"sp-icon-card\" title=\"Czerwona kartka\" style=\"color:#d4000f !important\"><\/i> <\/th><\/tr><\/thead><tbody><tr class=\"odd\"><td class=\"data-rank\" data-label=\"#\">1<\/td><td class=\"data-name has-photo\" data-label=\"Zawodnik\"><a href=\"https:\/\/www.wiaralecha.pl\/index.php\/player\/michal-niedzwiedzki\/\"><span class=\"player-photo\"><img loading=\"lazy\" decoding=\"async\" width=\"40\" height=\"40\" src=\"https:\/\/www.wiaralecha.pl\/wp-content\/uploads\/2025\/10\/Michal_Niedzwiedzki-40x40.png\" class=\"attachment-alchemists_player-xxs size-alchemists_player-xxs wp-post-image\" alt=\"\" \/><\/span><span class=\"player-name\">Micha\u0142 Nied\u017awiedzki<\/span><\/a><\/td><td class=\"data-yellowcards\" data-label=\"\u017b\u00f3\u0142ta kartka\">2<\/td><td class=\"data-redcards\" data-label=\"Czerwona kartka\">0<\/td><\/tr><\/tbody><\/table><\/div><\/div><\/div><\/div>\n","protected":false},"excerpt":{"rendered":"StrzelcyRankZawodnik 1Micha\u0142 Nied\u017awiedzki10 AsystyRankZawodnik 1Micha\u0142 Nied\u017awiedzki6 MeczeRankZawodnikMecze1Micha\u0142 Nied\u017awiedzki6 KartkiRankZawodnik 1Micha\u0142 Nied\u017awiedzki20","protected":false},"author":2,"featured_media":0,"parent":0,"menu_order":0,"comment_status":"closed","ping_status":"closed","template":"","meta":{"_acf_changed":false,"footnotes":""},"class_list":["post-7893","page","type-page","status-publish","hentry"],"acf":[],"jetpack_sharing_enabled":true,"_links":{"self":[{"href":"https:\/\/www.wiaralecha.pl\/index.php\/wp-json\/wp\/v2\/pages\/7893","targetHints":{"allow":["GET"]}}],"collection":[{"href":"https:\/\/www.wiaralecha.pl\/index.php\/wp-json\/wp\/v2\/pages"}],"about":[{"href":"https:\/\/www.wiaralecha.pl\/index.php\/wp-json\/wp\/v2\/types\/page"}],"author":[{"embeddable":true,"href":"https:\/\/www.wiaralecha.pl\/index.php\/wp-json\/wp\/v2\/users\/2"}],"replies":[{"embeddable":true,"href":"https:\/\/www.wiaralecha.pl\/index.php\/wp-json\/wp\/v2\/comments?post=7893"}],"version-history":[{"count":3,"href":"https:\/\/www.wiaralecha.pl\/index.php\/wp-json\/wp\/v2\/pages\/7893\/revisions"}],"predecessor-version":[{"id":8730,"href":"https:\/\/www.wiaralecha.pl\/index.php\/wp-json\/wp\/v2\/pages\/7893\/revisions\/8730"}],"wp:attachment":[{"href":"https:\/\/www.wiaralecha.pl\/index.php\/wp-json\/wp\/v2\/media?parent=7893"}],"curies":[{"name":"wp","href":"https:\/\/api.w.org\/{rel}","templated":true}]}}